{"id":6,"date":"2021-01-18T08:45:41","date_gmt":"2021-01-18T08:45:41","guid":{"rendered":"https:\/\/www.mf-sanitaer.ch\/?page_id=6"},"modified":"2021-02-24T09:58:58","modified_gmt":"2021-02-24T09:58:58","slug":"ueber-uns","status":"publish","type":"page","link":"https:\/\/www.mf-sanitaer.ch\/?page_id=6","title":{"rendered":"\u00dcber MFSanit\u00e4r"},"content":{"rendered":"\n<p>Mein Name ist Marco Fiori.<\/p>\n\n\n\n<p>Seit 4. Januar 2021 bin ich selbstst\u00e4ndiger Sanit\u00e4r.<\/p>\n\n\n\n<p>Meine Arbeit ist schnell und sehr sauber, meine Kunden sind stehts zufrieden!<\/p>\n\n\n\n<p>Gerne m\u00f6chte ich auch Sie davon \u00fcberzeugen. Bestellen Sie unverbindlich meine Offerte per e-Mail, Telefon oder Anschrift.<\/p>\n\n\n\n<p>e-Mail: <strong>mf-sanitaer@gmx.ch<\/strong>                                                                                      Tel.: <strong>061 301 01 14  <\/strong>                                                                                        Anschrift: <strong>Thannerstrasse 90 \/ 4054 Basel<\/strong><\/p>\n\n\n\n<p>Besuchen Sie mich auf <strong>FACEBOOK<\/strong>: <em>Marco Fiori<\/em><\/p>\n\n\n\n<p><em>Mit mir erhalten Sie einen hoch motivierten, jung und dynamischen Sanit\u00e4r! <\/em>                                                                                                                          Ich biete auch einen <strong>24h Notfall-Service<\/strong> an. <em>Bevor Ihnen das Wasser bis zum Hals steht&#8230;<\/em><\/p>\n\n\n\n<figure class=\"wp-block-image size-large\"><img loading=\"lazy\" width=\"1024\" height=\"634\" src=\"https:\/\/www.mf-sanitaer.ch\/wp-content\/uploads\/2021\/02\/Logo-Neu2-1024x634.jpg\" alt=\"\" class=\"wp-image-102\" srcset=\"https:\/\/www.mf-sanitaer.ch\/wp-content\/uploads\/2021\/02\/Logo-Neu2-1024x634.jpg 1024w, https:\/\/www.mf-sanitaer.ch\/wp-content\/uploads\/2021\/02\/Logo-Neu2-300x186.jpg 300w, https:\/\/www.mf-sanitaer.ch\/wp-content\/uploads\/2021\/02\/Logo-Neu2-768x476.jpg 768w, https:\/\/www.mf-sanitaer.ch\/wp-content\/uploads\/2021\/02\/Logo-Neu2.jpg 1132w\" sizes=\"(max-width: 1024px) 100vw, 1024px\" \/><\/figure>\n","protected":false},"excerpt":{"rendered":"<p class=\"qua-blog-post-description\">Mein Name ist Marco Fiori. Seit 4. Januar 2021 bin ich selbstst\u00e4ndiger Sanit\u00e4r. Meine Arbeit ist schnell und sehr sauber, meine Kunden sind stehts zufrieden! Gerne m\u00f6chte ich auch Sie davon \u00fcberzeugen. Bestellen Sie unverbindlich meine Offerte per e-Mail, Telefon oder Anschrift. e-Mail: mf-sanitaer@gmx.ch Tel.: 061 301 01 14 Anschrift: Thannerstrasse 90 \/ 4054 Basel<\/p>\n<p class=\"qua-blog-post-description\"><a href=\"https:\/\/www.mf-sanitaer.ch\/?page_id=6#more-6\" class=\"more-link\">Weiterlesen<\/a><\/p>\n","protected":false},"author":1,"featured_media":0,"parent":0,"menu_order":0,"comment_status":"open","ping_status":"closed","template":"","meta":[],"_links":{"self":[{"href":"https:\/\/www.mf-sanitaer.ch\/index.php?rest_route=\/wp\/v2\/pages\/6"}],"collection":[{"href":"https:\/\/www.mf-sanitaer.ch\/index.php?rest_route=\/wp\/v2\/pages"}],"about":[{"href":"https:\/\/www.mf-sanitaer.ch\/index.php?rest_route=\/wp\/v2\/types\/page"}],"author":[{"embeddable":true,"href":"https:\/\/www.mf-sanitaer.ch\/index.php?rest_route=\/wp\/v2\/users\/1"}],"replies":[{"embeddable":true,"href":"https:\/\/www.mf-sanitaer.ch\/index.php?rest_route=%2Fwp%2Fv2%2Fcomments&post=6"}],"version-history":[{"count":7,"href":"https:\/\/www.mf-sanitaer.ch\/index.php?rest_route=\/wp\/v2\/pages\/6\/revisions"}],"predecessor-version":[{"id":126,"href":"https:\/\/www.mf-sanitaer.ch\/index.php?rest_route=\/wp\/v2\/pages\/6\/revisions\/126"}],"wp:attachment":[{"href":"https:\/\/www.mf-sanitaer.ch\/index.php?rest_route=%2Fwp%2Fv2%2Fmedia&parent=6"}],"curies":[{"name":"wp","href":"https:\/\/api.w.org\/{rel}","templated":true}]}}